{"id":396,"date":"2019-05-14T11:41:59","date_gmt":"2019-05-14T11:41:59","guid":{"rendered":"https:\/\/alfonsog.com\/?page_id=396"},"modified":"2022-02-22T17:22:43","modified_gmt":"2022-02-22T23:22:43","slug":"acerca-de","status":"publish","type":"page","link":"https:\/\/alfonsog.com\/es\/acerca-de\/","title":{"rendered":"Acerca de Alfonso G"},"content":{"rendered":"<div id=\"cs-content\" class=\"cs-content\"><\/div>\n","protected":false},"excerpt":{"rendered":"<p>About Alfonso GAlfonso GAlfonso G (Progressive House &#038; Melodic Techno) Productor y DJ de la Ciudad de M\u00e9xico, cuenta con una trayectoria de 15 a\u00f1os en la escena Underground de la CDMX. Ha compartido tornamesas junto a artistas de la talla de Deadmau5, Magdalena, Lehar, Chris Fortier, Fildeles, Jorge Gonz\u00e1lez, Chaim, Gel April, Phonik, Luke Chable, Rick Pier O\u2019Neil, Tommy &#8230;<\/p>\n","protected":false},"author":1,"featured_media":0,"parent":0,"menu_order":0,"comment_status":"closed","ping_status":"closed","template":"template-blank-4.php","meta":{"rs_blank_template":"","rs_page_bg_color":"","slide_template_v7":"","footnotes":""},"class_list":["post-396","page","type-page","status-publish","hentry","no-post-thumbnail"],"yoast_head":"<!-- This site is optimized with the Yoast SEO plugin v27.5 - https:\/\/yoast.com\/product\/yoast-seo-wordpress\/ -->\n<title>Alfonso G es un DJ y productor de m\u00fasica techno<\/title>\n<meta name=\"description\" content=\"Alfonso G es un DJ y productor de m\u00fasica techno de la Ciudad de M\u00e9xico. Ha compartido escenario con artistas como Deadmau5, Chris Fortier y Marcos Carnaval.\" \/>\n<meta name=\"robots\" content=\"index, follow, max-snippet:-1, max-image-preview:large, max-video-preview:-1\" \/>\n<link rel=\"canonical\" href=\"https:\/\/alfonsog.com\/es\/acerca-de\/\" \/>\n<meta property=\"og:locale\" content=\"es_MX\" \/>\n<meta property=\"og:type\" content=\"article\" \/>\n<meta property=\"og:title\" content=\"Alfonso G es un DJ y productor de m\u00fasica techno\" \/>\n<meta property=\"og:description\" content=\"Alfonso G es un DJ y productor de m\u00fasica techno de la Ciudad de M\u00e9xico. Ha compartido escenario con artistas como Deadmau5, Chris Fortier y Marcos Carnaval.\" \/>\n<meta property=\"og:url\" content=\"https:\/\/alfonsog.com\/es\/acerca-de\/\" \/>\n<meta property=\"og:site_name\" content=\"Alfonso G\" \/>\n<meta property=\"article:publisher\" content=\"https:\/\/www.facebook.com\/djAlfonsoG\" \/>\n<meta property=\"article:modified_time\" content=\"2022-02-22T23:22:43+00:00\" \/>\n<meta property=\"og:image\" content=\"https:\/\/alfonsog.com\/content\/wp-content\/uploads\/2019\/05\/social-ico.png\" \/>\n\t<meta property=\"og:image:width\" content=\"152\" \/>\n\t<meta property=\"og:image:height\" content=\"152\" \/>\n\t<meta property=\"og:image:type\" content=\"image\/png\" \/>\n<meta name=\"twitter:card\" content=\"summary_large_image\" \/>\n<meta name=\"twitter:site\" content=\"@djalfonsog\" \/>\n<meta name=\"twitter:label1\" content=\"Est. reading time\" \/>\n\t<meta name=\"twitter:data1\" content=\"11 minutes\" \/>\n<script type=\"application\/ld+json\" class=\"yoast-schema-graph\">{\"@context\":\"https:\\\/\\\/schema.org\",\"@graph\":[{\"@type\":\"WebPage\",\"@id\":\"https:\\\/\\\/alfonsog.com\\\/es\\\/acerca-de\\\/\",\"url\":\"https:\\\/\\\/alfonsog.com\\\/es\\\/acerca-de\\\/\",\"name\":\"Alfonso G es un DJ y productor de m\u00fasica techno\",\"isPartOf\":{\"@id\":\"https:\\\/\\\/alfonsog.com\\\/#website\"},\"datePublished\":\"2019-05-14T11:41:59+00:00\",\"dateModified\":\"2022-02-22T23:22:43+00:00\",\"description\":\"Alfonso G es un DJ y productor de m\u00fasica techno de la Ciudad de M\u00e9xico. Ha compartido escenario con artistas como Deadmau5, Chris Fortier y Marcos Carnaval.\",\"breadcrumb\":{\"@id\":\"https:\\\/\\\/alfonsog.com\\\/es\\\/acerca-de\\\/#breadcrumb\"},\"inLanguage\":\"es-MX\",\"potentialAction\":[{\"@type\":\"ReadAction\",\"target\":[\"https:\\\/\\\/alfonsog.com\\\/es\\\/acerca-de\\\/\"]}]},{\"@type\":\"BreadcrumbList\",\"@id\":\"https:\\\/\\\/alfonsog.com\\\/es\\\/acerca-de\\\/#breadcrumb\",\"itemListElement\":[{\"@type\":\"ListItem\",\"position\":1,\"name\":\"Home\",\"item\":\"https:\\\/\\\/alfonsog.com\\\/es\\\/principal\\\/\"},{\"@type\":\"ListItem\",\"position\":2,\"name\":\"Acerca de Alfonso G\"}]},{\"@type\":\"WebSite\",\"@id\":\"https:\\\/\\\/alfonsog.com\\\/#website\",\"url\":\"https:\\\/\\\/alfonsog.com\\\/\",\"name\":\"Alfonso G\",\"description\":\"DJ, Producer &amp; Artist\",\"publisher\":{\"@id\":\"https:\\\/\\\/alfonsog.com\\\/#\\\/schema\\\/person\\\/72339314b7e37b8b9dd0adba905c9fab\"},\"potentialAction\":[{\"@type\":\"SearchAction\",\"target\":{\"@type\":\"EntryPoint\",\"urlTemplate\":\"https:\\\/\\\/alfonsog.com\\\/?s={search_term_string}\"},\"query-input\":{\"@type\":\"PropertyValueSpecification\",\"valueRequired\":true,\"valueName\":\"search_term_string\"}}],\"inLanguage\":\"es-MX\"},{\"@type\":[\"Person\",\"Organization\"],\"@id\":\"https:\\\/\\\/alfonsog.com\\\/#\\\/schema\\\/person\\\/72339314b7e37b8b9dd0adba905c9fab\",\"name\":\"Dj Alfonso G\",\"image\":{\"@type\":\"ImageObject\",\"inLanguage\":\"es-MX\",\"@id\":\"https:\\\/\\\/i0.wp.com\\\/alfonsog.com\\\/content\\\/wp-content\\\/uploads\\\/2019\\\/05\\\/logo-300-1.png?fit=300%2C300&ssl=1\",\"url\":\"https:\\\/\\\/i0.wp.com\\\/alfonsog.com\\\/content\\\/wp-content\\\/uploads\\\/2019\\\/05\\\/logo-300-1.png?fit=300%2C300&ssl=1\",\"contentUrl\":\"https:\\\/\\\/i0.wp.com\\\/alfonsog.com\\\/content\\\/wp-content\\\/uploads\\\/2019\\\/05\\\/logo-300-1.png?fit=300%2C300&ssl=1\",\"width\":300,\"height\":300,\"caption\":\"Dj Alfonso G\"},\"logo\":{\"@id\":\"https:\\\/\\\/i0.wp.com\\\/alfonsog.com\\\/content\\\/wp-content\\\/uploads\\\/2019\\\/05\\\/logo-300-1.png?fit=300%2C300&ssl=1\"},\"sameAs\":[\"https:\\\/\\\/www.facebook.com\\\/djAlfonsoG\"]}]}<\/script>\n<!-- \/ Yoast SEO plugin. -->","yoast_head_json":{"title":"Alfonso G es un DJ y productor de m\u00fasica techno","description":"Alfonso G es un DJ y productor de m\u00fasica techno de la Ciudad de M\u00e9xico. Ha compartido escenario con artistas como Deadmau5, Chris Fortier y Marcos Carnaval.","robots":{"index":"index","follow":"follow","max-snippet":"max-snippet:-1","max-image-preview":"max-image-preview:large","max-video-preview":"max-video-preview:-1"},"canonical":"https:\/\/alfonsog.com\/es\/acerca-de\/","og_locale":"es_MX","og_type":"article","og_title":"Alfonso G es un DJ y productor de m\u00fasica techno","og_description":"Alfonso G es un DJ y productor de m\u00fasica techno de la Ciudad de M\u00e9xico. Ha compartido escenario con artistas como Deadmau5, Chris Fortier y Marcos Carnaval.","og_url":"https:\/\/alfonsog.com\/es\/acerca-de\/","og_site_name":"Alfonso G","article_publisher":"https:\/\/www.facebook.com\/djAlfonsoG","article_modified_time":"2022-02-22T23:22:43+00:00","og_image":[{"width":152,"height":152,"url":"https:\/\/alfonsog.com\/content\/wp-content\/uploads\/2019\/05\/social-ico.png","type":"image\/png"}],"twitter_card":"summary_large_image","twitter_site":"@djalfonsog","twitter_misc":{"Est. reading time":"11 minutes"},"schema":{"@context":"https:\/\/schema.org","@graph":[{"@type":"WebPage","@id":"https:\/\/alfonsog.com\/es\/acerca-de\/","url":"https:\/\/alfonsog.com\/es\/acerca-de\/","name":"Alfonso G es un DJ y productor de m\u00fasica techno","isPartOf":{"@id":"https:\/\/alfonsog.com\/#website"},"datePublished":"2019-05-14T11:41:59+00:00","dateModified":"2022-02-22T23:22:43+00:00","description":"Alfonso G es un DJ y productor de m\u00fasica techno de la Ciudad de M\u00e9xico. Ha compartido escenario con artistas como Deadmau5, Chris Fortier y Marcos Carnaval.","breadcrumb":{"@id":"https:\/\/alfonsog.com\/es\/acerca-de\/#breadcrumb"},"inLanguage":"es-MX","potentialAction":[{"@type":"ReadAction","target":["https:\/\/alfonsog.com\/es\/acerca-de\/"]}]},{"@type":"BreadcrumbList","@id":"https:\/\/alfonsog.com\/es\/acerca-de\/#breadcrumb","itemListElement":[{"@type":"ListItem","position":1,"name":"Home","item":"https:\/\/alfonsog.com\/es\/principal\/"},{"@type":"ListItem","position":2,"name":"Acerca de Alfonso G"}]},{"@type":"WebSite","@id":"https:\/\/alfonsog.com\/#website","url":"https:\/\/alfonsog.com\/","name":"Alfonso G","description":"DJ, Producer &amp; Artist","publisher":{"@id":"https:\/\/alfonsog.com\/#\/schema\/person\/72339314b7e37b8b9dd0adba905c9fab"},"potentialAction":[{"@type":"SearchAction","target":{"@type":"EntryPoint","urlTemplate":"https:\/\/alfonsog.com\/?s={search_term_string}"},"query-input":{"@type":"PropertyValueSpecification","valueRequired":true,"valueName":"search_term_string"}}],"inLanguage":"es-MX"},{"@type":["Person","Organization"],"@id":"https:\/\/alfonsog.com\/#\/schema\/person\/72339314b7e37b8b9dd0adba905c9fab","name":"Dj Alfonso G","image":{"@type":"ImageObject","inLanguage":"es-MX","@id":"https:\/\/i0.wp.com\/alfonsog.com\/content\/wp-content\/uploads\/2019\/05\/logo-300-1.png?fit=300%2C300&ssl=1","url":"https:\/\/i0.wp.com\/alfonsog.com\/content\/wp-content\/uploads\/2019\/05\/logo-300-1.png?fit=300%2C300&ssl=1","contentUrl":"https:\/\/i0.wp.com\/alfonsog.com\/content\/wp-content\/uploads\/2019\/05\/logo-300-1.png?fit=300%2C300&ssl=1","width":300,"height":300,"caption":"Dj Alfonso G"},"logo":{"@id":"https:\/\/i0.wp.com\/alfonsog.com\/content\/wp-content\/uploads\/2019\/05\/logo-300-1.png?fit=300%2C300&ssl=1"},"sameAs":["https:\/\/www.facebook.com\/djAlfonsoG"]}]}},"_links":{"self":[{"href":"https:\/\/alfonsog.com\/es\/wp-json\/wp\/v2\/pages\/396","targetHints":{"allow":["GET"]}}],"collection":[{"href":"https:\/\/alfonsog.com\/es\/wp-json\/wp\/v2\/pages"}],"about":[{"href":"https:\/\/alfonsog.com\/es\/wp-json\/wp\/v2\/types\/page"}],"author":[{"embeddable":true,"href":"https:\/\/alfonsog.com\/es\/wp-json\/wp\/v2\/users\/1"}],"replies":[{"embeddable":true,"href":"https:\/\/alfonsog.com\/es\/wp-json\/wp\/v2\/comments?post=396"}],"version-history":[{"count":0,"href":"https:\/\/alfonsog.com\/es\/wp-json\/wp\/v2\/pages\/396\/revisions"}],"wp:attachment":[{"href":"https:\/\/alfonsog.com\/es\/wp-json\/wp\/v2\/media?parent=396"}],"curies":[{"name":"wp","href":"https:\/\/api.w.org\/{rel}","templated":true}]}}